{"id":2230,"date":"2019-04-09T11:47:06","date_gmt":"2019-04-09T09:47:06","guid":{"rendered":"https:\/\/www.rfc-consulting.net\/legal-notice\/"},"modified":"2023-04-22T10:58:15","modified_gmt":"2023-04-22T08:58:15","slug":"legal-notice","status":"publish","type":"page","link":"https:\/\/www.rfc-consulting.net\/en\/legal-notice\/","title":{"rendered":"Legal Notice"},"content":{"rendered":"<p>[et_pb_section bb_built=&#8221;1&#8243; inner_width=&#8221;auto&#8221; inner_max_width=&#8221;none&#8221;][et_pb_row][et_pb_column type=&#8221;4_4&#8243;][et_pb_text _builder_version=&#8221;3.22.4&#8243; text_text_shadow_horizontal_length=&#8221;text_text_shadow_style,%91object Object%93&#8243; text_text_shadow_vertical_length=&#8221;text_text_shadow_style,%91object Object%93&#8243; text_text_shadow_blur_strength=&#8221;text_text_shadow_style,%91object Object%93&#8243; link_text_shadow_horizontal_length=&#8221;link_text_shadow_style,%91object Object%93&#8243; link_text_shadow_vertical_length=&#8221;link_text_shadow_style,%91object Object%93&#8243; link_text_shadow_blur_strength=&#8221;link_text_shadow_style,%91object Object%93&#8243; ul_text_shadow_horizontal_length=&#8221;ul_text_shadow_style,%91object Object%93&#8243; ul_text_shadow_vertical_length=&#8221;ul_text_shadow_style,%91object Object%93&#8243; ul_text_shadow_blur_strength=&#8221;ul_text_shadow_style,%91object Object%93&#8243; ol_text_shadow_horizontal_length=&#8221;ol_text_shadow_style,%91object Object%93&#8243; ol_text_shadow_vertical_length=&#8221;ol_text_shadow_style,%91object Object%93&#8243; ol_text_shadow_blur_strength=&#8221;ol_text_shadow_style,%91object Object%93&#8243; quote_text_shadow_horizontal_length=&#8221;quote_text_shadow_style,%91object Object%93&#8243; quote_text_shadow_vertical_length=&#8221;quote_text_shadow_style,%91object Object%93&#8243; quote_text_shadow_blur_strength=&#8221;quote_text_shadow_style,%91object Object%93&#8243; header_text_shadow_horizontal_length=&#8221;header_text_shadow_style,%91object Object%93&#8243; header_text_shadow_vertical_length=&#8221;header_text_shadow_style,%91object Object%93&#8243; header_text_shadow_blur_strength=&#8221;header_text_shadow_style,%91object Object%93&#8243; header_2_text_shadow_horizontal_length=&#8221;header_2_text_shadow_style,%91object Object%93&#8243; header_2_text_shadow_vertical_length=&#8221;header_2_text_shadow_style,%91object Object%93&#8243; header_2_text_shadow_blur_strength=&#8221;header_2_text_shadow_style,%91object Object%93&#8243; header_3_text_shadow_horizontal_length=&#8221;header_3_text_shadow_style,%91object Object%93&#8243; header_3_text_shadow_vertical_length=&#8221;header_3_text_shadow_style,%91object Object%93&#8243; header_3_text_shadow_blur_strength=&#8221;header_3_text_shadow_style,%91object Object%93&#8243; header_4_text_shadow_horizontal_length=&#8221;header_4_text_shadow_style,%91object Object%93&#8243; header_4_text_shadow_vertical_length=&#8221;header_4_text_shadow_style,%91object Object%93&#8243; header_4_text_shadow_blur_strength=&#8221;header_4_text_shadow_style,%91object Object%93&#8243; header_5_text_shadow_horizontal_length=&#8221;header_5_text_shadow_style,%91object Object%93&#8243; header_5_text_shadow_vertical_length=&#8221;header_5_text_shadow_style,%91object Object%93&#8243; header_5_text_shadow_blur_strength=&#8221;header_5_text_shadow_style,%91object Object%93&#8243; header_6_text_shadow_horizontal_length=&#8221;header_6_text_shadow_style,%91object Object%93&#8243; header_6_text_shadow_vertical_length=&#8221;header_6_text_shadow_style,%91object Object%93&#8243; header_6_text_shadow_blur_strength=&#8221;header_6_text_shadow_style,%91object Object%93&#8243; z_index_tablet=&#8221;500&#8243;]<\/p>\n<h2>Legal Information<\/h2>\n<h3>1. Website presentation<\/h3>\n<p>Under Article 6 of Law No. 2004-575 of June 21, 2004 for confidence in the digital economy, it is specified to users of the site <a href=\"http:\/\/rfc-consulting.net\/\">rfc-consulting.net<\/a> the identity of various stakeholders in the context of its implementation and monitoring&#160;:<\/p>\n<p><strong>Owner<\/strong>&#160;: RFC Consulting \u2013 Soci\u00e9t\u00e9 par actions simplifi\u00e9e \u2013 510 RUE RENE DESCARTES 13100 AIX EN PROVENCE FRANCE<br \/><strong>Designer<\/strong>&#160;: <a href=\"http:\/\/www.delta-crea.com\/\">Delta Cr\u00e9a<\/a><br \/><strong>Web Master<\/strong>&#160;: Philippe Bruyat \u2013 contactrfc@rfc-consulting.net<br \/>The person in charge of publication is an individual or a legal entity.<br \/><strong>Webmaster<\/strong>&#160;: RFC Consulting \u2013 contactrfc@rfc-consulting.net<br \/><strong>Hosting<\/strong>&#160;: OVH \u2013 Headquarters&#160;: 2 rue Kellermann &#8211; 59100 Roubaix &#8211; France<br \/>Credits&#160;: <br \/>Legal notice model provided by Subdelirium.com <a href=\"https:\/\/www.subdelirium.com\/generateur-de-mentions-legales\/\" target=\"_blank\" rel=\"noopener noreferrer\">Legal Notice model<\/a><\/p>\n<h3>2. General conditions of use of the site and the proposed services.<\/h3>\n<p>The use of the site <a href=\"http:\/\/rfc-consulting.net\/\">rfc-consulting.net<\/a> implies the full acceptance of the general conditions of use described below. These conditions of use are likely to be modified or supplemented at any time, the users of the site <a href=\"http:\/\/rfc-consulting.net\/\">rfc-consulting.net<\/a> are thus invited to consult them in a regular way.<\/p>\n<p>This site is normally accessible at any time to users. An interruption for reason of technical maintenance can be however decided by RFC Consulting, which will endeavor to communicate beforehand to the users the dates and hours of the intervention.<\/p>\n<p><a href=\"http:\/\/rfc-consulting.net\/\">rfc-consulting.net<\/a> website is updated on a regular basis by Philippe Bruyat. In the same way, the legal mentions can be modified at any time&#160;: they are nevertheless imposed to the user who is invited to refer to them as often as possible in order to take note of them.<\/p>\n<h3>3. Provided services description.<\/h3>\n<p><a href=\"http:\/\/rfc-consulting.net\/\">rfc-consulting.net<\/a> websitehas for object to provide an information concerning the whole of the activities of the company.<\/p>\n<p>RFC Consulting endeavors to provide on the site <a href=\"http:\/\/rfc-consulting.net\/\">rfc-consulting.net<\/a> information as precise as possible. However, it could not be held responsible for the omissions, the inaccuracies and the deficiencies in the update, that they are of its fact or the fact of the third partners who provide him this information.<\/p>\n<p>All the information indicated on the site <a href=\"http:\/\/rfc-consulting.net\/\">rfc-consulting.net<\/a> is given as an indication, and is likely to evolve. Moreover, the information appearing on the site <a href=\"http:\/\/rfc-consulting.net\/\">rfc-consulting.net<\/a> is not exhaustive. It is given subject to modifications having been brought since their setting on line.<\/p>\n<h3>4. Contractual limitations on technical data.<\/h3>\n<p>JavaScript technology is used on this website<\/p>\n<p>The Internet site could not be held responsible for material damage related to the use of the site. Moreover, the user of the site undertakes to access the site using recent equipment, free of viruses and with a last generation updated browser.<\/p>\n<h3>5. Intellectual property and counterfeiting.<\/h3>\n<p>RFC Consulting is the owner of the intellectual property rights or holds the rights of use on all the elements accessible on the site, in particular the texts, images, graphics, logo, icons, sounds, software.<\/p>\n<p>Any reproduction, representation, modification, publication, adaptation of all or part of the elements of the site, whatever the means or the process used, is prohibited, except prior written authorization of&#160;: RFC Consulting.<\/p>\n<p>Any unauthorized exploitation of the site or any of the elements it contains will be considered as constituting an infringement and will be prosecuted in accordance with the provisions of articles L.335-2 and following of the Intellectual Property Code.<\/p>\n<h3>6. Limitations of responsibility.<\/h3>\n<p>RFC Consulting could not be held responsible for the direct and indirect damage caused with the material of the user, at the time of the access to the site rfc-consulting.net, and resulting either from the use of a material not answering the specifications indicated in the point 4, or of the appearance of a bug or an incompatibility.<\/p>\n<p>RFC Consulting could not also be held responsible for the indirect damage (such as for example a loss of market or loss of a chance) consecutive to the use of the site <a href=\"http:\/\/rfc-consulting.net\/\">rfc-consulting.net<\/a>.<\/p>\n<p>Interactive spaces (possibility of asking questions in the contact space) are at the disposal of the users. RFC Consulting reserves the right to remove, without prior notice, any content deposited in this space that would contravene the legislation applicable in France, in particular the provisions relating to data protection. If necessary, RFC Consulting also reserves the possibility of calling into question the civil and\/or penal responsibility of the user, in particular in the event of message with racist, injurious, defamatory, or pornographic character, whatever the support used (text, photograph&#8230;).<\/p>\n<h3>7. Personal data management<\/h3>\n<p>In France, personal data are protected by the law n\u00b0 78-87 of January 6, 1978, the law n\u00b0 2004-801 of August 6, 2004, the article L. 226-13 of the penal code and the European Directive of October 24, 1995.<\/p>\n<p>At the time of the use of the site <a href=\"http:\/\/rfc-consulting.net\/\">rfc-consulting.net<\/a>, can be collected&#160;: the URL of the bonds by the intermediary of which the user reached the site <a href=\"http:\/\/rfc-consulting.net\/\">rfc-consulting.net<\/a>, the supplier of access of the user, the address of Internet protocol (IP) of the user.<\/p>\n<p>In any case RFC Consulting collects personal information relating to the user only for the need of certain services proposed by the site <a href=\"http:\/\/rfc-consulting.net\/\">rfc-consulting.net<\/a>. The user provides this information with full knowledge of the facts, in particular when he\/she proceeds by himself\/herself to their seizure. It is then specified to the user of the site <a href=\"http:\/\/rfc-consulting.net\/\">rfc-consulting.net<\/a> the obligation or not to provide this information.<\/p>\n<p>In accordance with the provisions of articles 38 and following of the law 78-17 of January 6, 1978 relating to data processing, the files and freedoms, any user has a right of access, of correction and opposition to the personal data relating to it, by carrying out its written and signed request, accompanied by a copy of the title of identity with signature of the holder of the document, while specifying the address to which the answer must be sent.<\/p>\n<p>No personal information of the user of the site <a href=\"http:\/\/rfc-consulting.net\/\">rfc-consulting.net<\/a> is published without the user&#8217;s knowledge, exchanged, transferred, yielded or sold on any support to third parties. Only the assumption of the repurchase of RFC Consulting and its rights would allow the transmission of the aforementioned information to the possible purchaser who would be in its turn held of the same obligation of conservation and modification of the data with respect to the user of the site <a href=\"http:\/\/rfc-consulting.net\/\">rfc-consulting.net<\/a>.<\/p>\n<p>Le site n&#8217;est pas d\u00e9clar\u00e9 \u00e0 la CNIL car il ne recueille pas d&#8217;informations personnelles.<\/p>\n<p>The data bases are protected by the provisions of the law of July 1, 1998 transposing the directive 96\/9 of March 11, 1996 relating to the legal protection of the data bases.<\/p>\n<h3>8. Hypertext links and cookies.<\/h3>\n<p>The <a href=\"http:\/\/rfc-consulting.net\/\">rfc-consulting.net<\/a> site contains a number of hypertext links to other sites, set up with the authorization of RFC Consulting. However, RFC Consulting does not have the possibility of checking the contents of the sites thus visited, and consequently will not assume any responsibility of this fact.<\/p>\n<p>The navigation on the site <a href=\"http:\/\/rfc-consulting.net\/\">rfc-consulting.net<\/a> is likely to cause the installation of cookie (s) on the computer of the user. A cookie is a small file, which does not allow the identification of the user, but which records information relating to the navigation of a computer on a site. The data thus obtained is intended to facilitate subsequent navigation on the site, and is also intended to allow various measures of frequentation.<\/p>\n<p>Refusing to install a cookie may make it impossible to access certain services. However, the user can configure his computer in the following way to refuse the installation of cookies&#160;:<\/p>\n<p>Under Internet Explorer&#160;: tool tab (pictogram in the shape of a cog at the top right) \/ internet options. Click on Privacy and choose Block all cookies. Validate on Ok.<\/p>\n<p>Under Firefox&#160;: at the top of the browser window, click on the Firefox button, then go to the Options tab. Click on the Privacy tab.<br \/>Set the Retention Rules to&#160;: use custom settings for history. Finally uncheck it to disable cookies.<\/p>\n<p>In Safari&#160;: Click on the menu icon (symbolized by a cog) at the top right of the browser. Select Parameters Click on browse advanced parameters In the &#8220;Privacy&#8221; section, click on &#8220;Content settings&#8221;. In the &#8220;Cookies&#8221; section, you can block cookies.<\/p>\n<p>In Chrome&#160;: Click on the menu icon (symbolized by three horizontal lines) at the top right of the browser. Select Parameters Click on browse advanced parameters In the &#8220;Privacy&#8221; section, click on preferences. In the &#8220;Privacy&#8221; tab, you can block cookies.<\/p>\n<h3>9. Applicable law and jurisdiction.<\/h3>\n<p>Any dispute in connection with the use of the <a href=\"http:\/\/rfc-consulting.net\/\">rfc-consulting.net<\/a> website is subject to French law. It is made exclusive attribution of jurisdiction to the competent courts of Paris.<\/p>\n<h3>10. The main laws concerned.<\/h3>\n<p>Law n\u00b0 78-17 of January 6, 1978, in particular modified by the law n\u00b0 2004-801 of August 6, 2004 relating to data processing, the files and fre<\/p>\n<p>Law n\u00b0 2004-575 of June 21, 2004 for confidence in the digital economy.<\/p>\n<h3>11. Lexicon<\/h3>\n<p>User&#160;: Internet user connecting, using the above-mentioned site.<\/p>\n<p>Personal information&#160;: &#8220;information that allows, in any form whatsoever, directly or not, the identification of individuals to whom they apply&#8221; (Article 4 of Law No. 78-17 of 6 January 1978).<\/p>\n<p>[\/et_pb_text][\/et_pb_column][\/et_pb_row][\/et_pb_section]<\/p>\n","protected":false},"excerpt":{"rendered":"<p><div class=\"et_pb_row et_pb_row_0 et_pb_row_empty\">\n\t\t\t\t\n\t\t\t\t\n\t\t\t\t\n\t\t\t\t\n\t\t\t\t\n\t\t\t<\/div> Legal Information1. Website presentationUnder Article 6 of Law No. 2004-575 of June 21, 2004 for confidence in the digital economy, it is specified to users of the site rfc-consulting.net the identity of various stakeholders in the context of its implementation and monitoring:Owner: RFC Consulting \u2013 Soci\u00e9t\u00e9 par actions simplifi\u00e9e \u2013 510 RUE RENE DESCARTES [&hellip;]<\/p>\n","protected":false},"author":2,"featured_media":0,"parent":0,"menu_order":0,"comment_status":"closed","ping_status":"closed","template":"","meta":{"_et_pb_use_builder":"on","_et_pb_old_content":"","_et_gb_content_width":"","_monsterinsights_skip_tracking":false,"_monsterinsights_sitenote_active":false,"_monsterinsights_sitenote_note":"","_monsterinsights_sitenote_category":0,"footnotes":""},"class_list":["post-2230","page","type-page","status-publish","hentry"],"aioseo_notices":[],"_links":{"self":[{"href":"https:\/\/www.rfc-consulting.net\/en\/wp-json\/wp\/v2\/pages\/2230","targetHints":{"allow":["GET"]}}],"collection":[{"href":"https:\/\/www.rfc-consulting.net\/en\/wp-json\/wp\/v2\/pages"}],"about":[{"href":"https:\/\/www.rfc-consulting.net\/en\/wp-json\/wp\/v2\/types\/page"}],"author":[{"embeddable":true,"href":"https:\/\/www.rfc-consulting.net\/en\/wp-json\/wp\/v2\/users\/2"}],"replies":[{"embeddable":true,"href":"https:\/\/www.rfc-consulting.net\/en\/wp-json\/wp\/v2\/comments?post=2230"}],"version-history":[{"count":2,"href":"https:\/\/www.rfc-consulting.net\/en\/wp-json\/wp\/v2\/pages\/2230\/revisions"}],"predecessor-version":[{"id":2232,"href":"https:\/\/www.rfc-consulting.net\/en\/wp-json\/wp\/v2\/pages\/2230\/revisions\/2232"}],"wp:attachment":[{"href":"https:\/\/www.rfc-consulting.net\/en\/wp-json\/wp\/v2\/media?parent=2230"}],"curies":[{"name":"wp","href":"https:\/\/api.w.org\/{rel}","templated":true}]}}